{"id":200,"date":"2024-04-09T08:25:41","date_gmt":"2024-04-09T13:25:41","guid":{"rendered":"https:\/\/ipsvacunacionintegral.com\/?page_id=200"},"modified":"2024-04-09T08:43:54","modified_gmt":"2024-04-09T13:43:54","slug":"mecanismo-para-la-atencion-al-ciudadano","status":"publish","type":"page","link":"https:\/\/ipsvacunacionintegral.com\/?page_id=200","title":{"rendered":"Mecanismo para la atenci\u00f3n al ciudadano"},"content":{"rendered":"\t\t<div data-elementor-type=\"wp-page\" data-elementor-id=\"200\" class=\"elementor elementor-200\">\n\t\t\t\t<div class=\"elementor-element elementor-element-fc2ff47 e-flex e-con-boxed wpr-particle-no wpr-jarallax-no wpr-parallax-no wpr-sticky-section-no e-con e-parent\" data-id=\"fc2ff47\" data-element_type=\"container\" data-core-v316-plus=\"true\">\n\t\t\t\t\t<div class=\"e-con-inner\">\n\t\t\t\t<div class=\"elementor-element elementor-element-006093d elementor-widget elementor-widget-image\" data-id=\"006093d\" data-element_type=\"widget\" data-widget_type=\"image.default\">\n\t\t\t\t<div class=\"elementor-widget-container\">\n\t\t\t<style>\/*! elementor - v3.20.0 - 26-03-2024 *\/\n.elementor-widget-image{text-align:center}.elementor-widget-image a{display:inline-block}.elementor-widget-image a img[src$=\".svg\"]{width:48px}.elementor-widget-image img{vertical-align:middle;display:inline-block}<\/style>\t\t\t\t\t\t\t\t\t\t<img decoding=\"async\" width=\"219\" height=\"176\" src=\"https:\/\/ipsvacunacionintegral.com\/wp-content\/uploads\/2024\/04\/mecanismo-de-contacto.png\" class=\"attachment-large size-large wp-image-196\" alt=\"\" \/>\t\t\t\t\t\t\t\t\t\t\t\t\t<\/div>\n\t\t\t\t<\/div>\n\t\t\t\t\t<\/div>\n\t\t\t\t<\/div>\n\t\t<div class=\"elementor-element elementor-element-2246b74 e-flex e-con-boxed wpr-particle-no wpr-jarallax-no wpr-parallax-no wpr-sticky-section-no e-con e-parent\" data-id=\"2246b74\" data-element_type=\"container\" data-core-v316-plus=\"true\">\n\t\t\t\t\t<div class=\"e-con-inner\">\n\t\t\t\t<div class=\"elementor-element elementor-element-645d7ce elementor-widget elementor-widget-heading\" data-id=\"645d7ce\" data-element_type=\"widget\" data-widget_type=\"heading.default\">\n\t\t\t\t<div class=\"elementor-widget-container\">\n\t\t\t<style>\/*! elementor - v3.20.0 - 26-03-2024 *\/\n.elementor-heading-title{padding:0;margin:0;line-height:1}.elementor-widget-heading .elementor-heading-title[class*=elementor-size-]>a{color:inherit;font-size:inherit;line-height:inherit}.elementor-widget-heading .elementor-heading-title.elementor-size-small{font-size:15px}.elementor-widget-heading .elementor-heading-title.elementor-size-medium{font-size:19px}.elementor-widget-heading .elementor-heading-title.elementor-size-large{font-size:29px}.elementor-widget-heading .elementor-heading-title.elementor-size-xl{font-size:39px}.elementor-widget-heading .elementor-heading-title.elementor-size-xxl{font-size:59px}<\/style><h3 class=\"elementor-heading-title elementor-size-default\">Mecanismo para la atenci\u00f3n al ciudadano<\/h3>\t\t<\/div>\n\t\t\t\t<\/div>\n\t\t\t\t\t<\/div>\n\t\t\t\t<\/div>\n\t\t<div class=\"elementor-element elementor-element-48d6a94 e-flex e-con-boxed wpr-particle-no wpr-jarallax-no wpr-parallax-no wpr-sticky-section-no e-con e-parent\" data-id=\"48d6a94\" data-element_type=\"container\" data-core-v316-plus=\"true\">\n\t\t\t\t\t<div class=\"e-con-inner\">\n\t\t\t\t<div class=\"elementor-element elementor-element-c3f4841 elementor-widget elementor-widget-text-editor\" data-id=\"c3f4841\" data-element_type=\"widget\" data-widget_type=\"text-editor.default\">\n\t\t\t\t<div class=\"elementor-widget-container\">\n\t\t\t<style>\/*! elementor - v3.20.0 - 26-03-2024 *\/\n.elementor-widget-text-editor.elementor-drop-cap-view-stacked .elementor-drop-cap{background-color:#69727d;color:#fff}.elementor-widget-text-editor.elementor-drop-cap-view-framed .elementor-drop-cap{color:#69727d;border:3px solid;background-color:transparent}.elementor-widget-text-editor:not(.elementor-drop-cap-view-default) .elementor-drop-cap{margin-top:8px}.elementor-widget-text-editor:not(.elementor-drop-cap-view-default) .elementor-drop-cap-letter{width:1em;height:1em}.elementor-widget-text-editor .elementor-drop-cap{float:left;text-align:center;line-height:1;font-size:50px}.elementor-widget-text-editor .elementor-drop-cap-letter{display:inline-block}<\/style>\t\t\t\t<p><strong>Puntos de Atenci\u00f3n:\u00a0https:\/\/www.ipsvacunacionintegral.com\/inicio\/<\/strong><\/p><p><strong>Sede principal:<br \/><\/strong>Tel\u00e9fono:\u00a0(604) 3220140 &#8211; 3104202055<br \/>NIT:\u00a0900.681.838-0<\/p><p>Direcci\u00f3n: Calle 54 N 46 \u2013 27 La candelaria, Medell\u00edn-Antioquia<\/p><p>Horario:<\/p><p>7:00 a.m. a 6:00 p.m. (Lunes a Viernes)<br \/>7: 00 a.m. a 1:00 p.m. (S\u00e1bado)<br \/>Medell\u00edn \u2013 Antioquia<\/p><p><strong>Peticiones, Quejas y reclamos<\/strong><\/p><p><strong>Correo electr\u00f3nico institucional: atencionalcliente@ipsvacunacionintegral.com<\/strong><\/p><p>\u00a0<\/p><p><strong>1.2 Direcci\u00f3n de correspondencia:\u00a0<\/strong>Calle 54 N 46 \u2013 27 La candelaria, Medell\u00edn-Antioquia<\/p><p><strong>Canales de Contacto<\/strong><\/p><p>\u00a0<\/p>\t\t\t\t\t\t<\/div>\n\t\t\t\t<\/div>\n\t\t\t\t\t<\/div>\n\t\t\t\t<\/div>\n\t\t<div class=\"elementor-element elementor-element-8d0b57e e-flex e-con-boxed wpr-particle-no wpr-jarallax-no wpr-parallax-no wpr-sticky-section-no e-con e-parent\" data-id=\"8d0b57e\" data-element_type=\"container\" data-core-v316-plus=\"true\">\n\t\t\t\t\t<div class=\"e-con-inner\">\n\t\t\t\t<div class=\"elementor-element elementor-element-4674795 elementor-widget elementor-widget-heading\" data-id=\"4674795\" data-element_type=\"widget\" data-widget_type=\"heading.default\">\n\t\t\t\t<div class=\"elementor-widget-container\">\n\t\t\t<h3 class=\"elementor-heading-title elementor-size-default\">Suministro Energ\u00eda y Comunicaciones <\/h3>\t\t<\/div>\n\t\t\t\t<\/div>\n\t\t\t\t\t<\/div>\n\t\t\t\t<\/div>\n\t\t<div class=\"elementor-element elementor-element-da0d257 e-flex e-con-boxed wpr-particle-no wpr-jarallax-no wpr-parallax-no wpr-sticky-section-no e-con e-parent\" data-id=\"da0d257\" data-element_type=\"container\" data-core-v316-plus=\"true\">\n\t\t\t\t\t<div class=\"e-con-inner\">\n\t\t\t\t<div class=\"elementor-element elementor-element-3fcbb8a elementor-widget elementor-widget-pdfjs-viewer\" data-id=\"3fcbb8a\" data-element_type=\"widget\" data-widget_type=\"pdfjs-viewer.default\">\n\t\t\t\t<div class=\"elementor-widget-container\">\n\t\t\t<iframe width=\"1000\" height=\"1300\" src=\"https:\/\/ipsvacunacionintegral.com\/wp-content\/plugins\/pdfjs-viewer-for-elementor\/\/assets\/js\/pdfjs\/web\/viewer.html?file=https:\/\/ipsvacunacionintegral.com\/wp-content\/uploads\/2024\/04\/Suministro-Energia-y-Comunicaciones.pdf\"><\/iframe>\t\t<\/div>\n\t\t\t\t<\/div>\n\t\t\t\t\t<\/div>\n\t\t\t\t<\/div>\n\t\t\t\t<\/div>\n\t\t","protected":false},"excerpt":{"rendered":"<p>Mecanismo para la atenci\u00f3n al ciudadano Puntos de Atenci\u00f3n:\u00a0https:\/\/www.ipsvacunacionintegral.com\/inicio\/ Sede principal:Tel\u00e9fono:\u00a0(604) 3220140 &#8211; 3104202055NIT:\u00a0900.681.838-0 Direcci\u00f3n: Calle 54 N 46 \u2013 27 La candelaria, Medell\u00edn-Antioquia Horario: 7:00 a.m. a 6:00 p.m. (Lunes a Viernes)7: 00 a.m. a 1:00 p.m. (S\u00e1bado)Medell\u00edn \u2013 Antioquia Peticiones, Quejas y reclamos Correo electr\u00f3nico institucional: atencionalcliente@ipsvacunacionintegral.com \u00a0 1.2 Direcci\u00f3n de correspondencia:\u00a0Calle 54 [&hellip;]<\/p>\n","protected":false},"author":1,"featured_media":0,"parent":0,"menu_order":0,"comment_status":"closed","ping_status":"closed","template":"elementor_header_footer","meta":{"footnotes":""},"_links":{"self":[{"href":"https:\/\/ipsvacunacionintegral.com\/index.php?rest_route=\/wp\/v2\/pages\/200"}],"collection":[{"href":"https:\/\/ipsvacunacionintegral.com\/index.php?rest_route=\/wp\/v2\/pages"}],"about":[{"href":"https:\/\/ipsvacunacionintegral.com\/index.php?rest_route=\/wp\/v2\/types\/page"}],"author":[{"embeddable":true,"href":"https:\/\/ipsvacunacionintegral.com\/index.php?rest_route=\/wp\/v2\/users\/1"}],"replies":[{"embeddable":true,"href":"https:\/\/ipsvacunacionintegral.com\/index.php?rest_route=%2Fwp%2Fv2%2Fcomments&post=200"}],"version-history":[{"count":7,"href":"https:\/\/ipsvacunacionintegral.com\/index.php?rest_route=\/wp\/v2\/pages\/200\/revisions"}],"predecessor-version":[{"id":211,"href":"https:\/\/ipsvacunacionintegral.com\/index.php?rest_route=\/wp\/v2\/pages\/200\/revisions\/211"}],"wp:attachment":[{"href":"https:\/\/ipsvacunacionintegral.com\/index.php?rest_route=%2Fwp%2Fv2%2Fmedia&parent=200"}],"curies":[{"name":"wp","href":"https:\/\/api.w.org\/{rel}","templated":true}]}}