{"id":713,"date":"2024-04-30T14:55:17","date_gmt":"2024-04-30T19:55:17","guid":{"rendered":"https:\/\/ipsvacunacionintegral.com\/?page_id=713"},"modified":"2025-06-11T17:03:44","modified_gmt":"2025-06-11T22:03:44","slug":"laboratorio-clinico","status":"publish","type":"page","link":"https:\/\/ipsvacunacionintegral.com\/?page_id=713","title":{"rendered":"Laboratorio cl\u00ednico"},"content":{"rendered":"\t\t<div data-elementor-type=\"wp-page\" data-elementor-id=\"713\" class=\"elementor elementor-713\">\n\t\t\t\t\t\t<section class=\"elementor-section elementor-top-section elementor-element elementor-element-d5dc80a elementor-section-boxed elementor-section-height-default elementor-section-height-default wpr-particle-no wpr-jarallax-no wpr-parallax-no wpr-sticky-section-no\" data-id=\"d5dc80a\" data-element_type=\"section\" data-settings=\"{&quot;background_background&quot;:&quot;classic&quot;}\">\n\t\t\t\t\t\t\t<div class=\"elementor-background-overlay\"><\/div>\n\t\t\t\t\t\t\t<div class=\"elementor-container elementor-column-gap-default\">\n\t\t\t\t\t<div class=\"elementor-column elementor-col-100 elementor-top-column elementor-element elementor-element-15ae9e0\" data-id=\"15ae9e0\" data-element_type=\"column\">\n\t\t\t<div class=\"elementor-widget-wrap elementor-element-populated\">\n\t\t\t\t\t\t<div class=\"elementor-element elementor-element-0e13c19 elementor-widget elementor-widget-heading\" data-id=\"0e13c19\" data-element_type=\"widget\" data-widget_type=\"heading.default\">\n\t\t\t\t<div class=\"elementor-widget-container\">\n\t\t\t<style>\/*! elementor - v3.20.0 - 26-03-2024 *\/\n.elementor-heading-title{padding:0;margin:0;line-height:1}.elementor-widget-heading .elementor-heading-title[class*=elementor-size-]>a{color:inherit;font-size:inherit;line-height:inherit}.elementor-widget-heading .elementor-heading-title.elementor-size-small{font-size:15px}.elementor-widget-heading .elementor-heading-title.elementor-size-medium{font-size:19px}.elementor-widget-heading .elementor-heading-title.elementor-size-large{font-size:29px}.elementor-widget-heading .elementor-heading-title.elementor-size-xl{font-size:39px}.elementor-widget-heading .elementor-heading-title.elementor-size-xxl{font-size:59px}<\/style><h3 class=\"elementor-heading-title elementor-size-default\">Laboratorio cl\u00ednico<\/h3>\t\t<\/div>\n\t\t\t\t<\/div>\n\t\t\t\t\t<\/div>\n\t\t<\/div>\n\t\t\t\t\t<\/div>\n\t\t<\/section>\n\t\t<div class=\"elementor-element elementor-element-812e943 e-flex e-con-boxed wpr-particle-no wpr-jarallax-no wpr-parallax-no wpr-sticky-section-no e-con e-parent\" data-id=\"812e943\" data-element_type=\"container\" data-core-v316-plus=\"true\">\n\t\t\t\t\t<div class=\"e-con-inner\">\n\t\t\t\t<div class=\"elementor-element elementor-element-f06570c elementor-widget elementor-widget-heading\" data-id=\"f06570c\" data-element_type=\"widget\" id=\"lab\" data-widget_type=\"heading.default\">\n\t\t\t\t<div class=\"elementor-widget-container\">\n\t\t\t<h3 class=\"elementor-heading-title elementor-size-default\">Servicio de laboratorio<\/h3>\t\t<\/div>\n\t\t\t\t<\/div>\n\t\t\t\t\t<\/div>\n\t\t\t\t<\/div>\n\t\t<div class=\"elementor-element elementor-element-36563a5 e-flex e-con-boxed wpr-particle-no wpr-jarallax-no wpr-parallax-no wpr-sticky-section-no e-con e-parent\" data-id=\"36563a5\" data-element_type=\"container\" data-core-v316-plus=\"true\">\n\t\t\t\t\t<div class=\"e-con-inner\">\n\t\t\t\t<div class=\"elementor-element elementor-element-ac41bf2 elementor-widget elementor-widget-image\" data-id=\"ac41bf2\" data-element_type=\"widget\" data-widget_type=\"image.default\">\n\t\t\t\t<div class=\"elementor-widget-container\">\n\t\t\t<style>\/*! elementor - v3.20.0 - 26-03-2024 *\/\n.elementor-widget-image{text-align:center}.elementor-widget-image a{display:inline-block}.elementor-widget-image a img[src$=\".svg\"]{width:48px}.elementor-widget-image img{vertical-align:middle;display:inline-block}<\/style>\t\t\t\t\t\t\t\t\t\t<img fetchpriority=\"high\" decoding=\"async\" width=\"768\" height=\"935\" src=\"https:\/\/ipsvacunacionintegral.com\/wp-content\/uploads\/2024\/04\/laboratorio-e1714510154224-768x935.jpg\" class=\"attachment-medium_large size-medium_large wp-image-737\" alt=\"\" srcset=\"https:\/\/ipsvacunacionintegral.com\/wp-content\/uploads\/2024\/04\/laboratorio-e1714510154224-768x935.jpg 768w, https:\/\/ipsvacunacionintegral.com\/wp-content\/uploads\/2024\/04\/laboratorio-e1714510154224-246x300.jpg 246w, https:\/\/ipsvacunacionintegral.com\/wp-content\/uploads\/2024\/04\/laboratorio-e1714510154224-841x1024.jpg 841w, https:\/\/ipsvacunacionintegral.com\/wp-content\/uploads\/2024\/04\/laboratorio-e1714510154224.jpg 900w\" sizes=\"(max-width: 768px) 100vw, 768px\" \/>\t\t\t\t\t\t\t\t\t\t\t\t\t<\/div>\n\t\t\t\t<\/div>\n\t\t\t\t\t<\/div>\n\t\t\t\t<\/div>\n\t\t<div class=\"elementor-element elementor-element-7f45586 e-flex e-con-boxed wpr-particle-no wpr-jarallax-no wpr-parallax-no wpr-sticky-section-no e-con e-parent\" data-id=\"7f45586\" data-element_type=\"container\" data-core-v316-plus=\"true\">\n\t\t\t\t\t<div class=\"e-con-inner\">\n\t\t\t\t<div class=\"elementor-element elementor-element-15501da elementor-widget elementor-widget-heading\" data-id=\"15501da\" data-element_type=\"widget\" data-widget_type=\"heading.default\">\n\t\t\t\t<div class=\"elementor-widget-container\">\n\t\t\t<h5 class=\"elementor-heading-title elementor-size-default\">Contamos con un servicio de toma de muestras de laboratorio y aliados que nos permiten prestar un servicio con calidad y oportunidad en la entrega de resultados<\/h5>\t\t<\/div>\n\t\t\t\t<\/div>\n\t\t\t\t\t<\/div>\n\t\t\t\t<\/div>\n\t\t<div class=\"elementor-element elementor-element-aec1e50 e-flex e-con-boxed wpr-particle-no wpr-jarallax-no wpr-parallax-no wpr-sticky-section-no e-con e-parent\" data-id=\"aec1e50\" data-element_type=\"container\" data-core-v316-plus=\"true\">\n\t\t\t\t\t<div class=\"e-con-inner\">\n\t\t\t\t<div class=\"elementor-element elementor-element-d323ee5 elementor-widget elementor-widget-heading\" data-id=\"d323ee5\" data-element_type=\"widget\" data-widget_type=\"heading.default\">\n\t\t\t\t<div class=\"elementor-widget-container\">\n\t\t\t<h3 class=\"elementor-heading-title elementor-size-default\">Conozca aqu\u00ed las preparaciones para sus ex\u00e1menes<\/h3>\t\t<\/div>\n\t\t\t\t<\/div>\n\t\t\t\t\t<\/div>\n\t\t\t\t<\/div>\n\t\t<div class=\"elementor-element elementor-element-b7051d4 e-flex e-con-boxed wpr-particle-no wpr-jarallax-no wpr-parallax-no wpr-sticky-section-no e-con e-parent\" data-id=\"b7051d4\" data-element_type=\"container\" data-core-v316-plus=\"true\">\n\t\t\t\t\t<div class=\"e-con-inner\">\n\t\t<div class=\"elementor-element elementor-element-667e923 e-con-full e-flex wpr-particle-no wpr-jarallax-no wpr-parallax-no wpr-sticky-section-no e-con e-child\" data-id=\"667e923\" data-element_type=\"container\" data-settings=\"{&quot;background_background&quot;:&quot;classic&quot;}\">\n\t\t\t\t<div class=\"elementor-element elementor-element-0acc306 elementor-widget elementor-widget-image\" data-id=\"0acc306\" data-element_type=\"widget\" data-widget_type=\"image.default\">\n\t\t\t\t<div class=\"elementor-widget-container\">\n\t\t\t\t\t\t\t\t\t\t\t\t\t<img decoding=\"async\" width=\"150\" height=\"150\" src=\"https:\/\/ipsvacunacionintegral.com\/wp-content\/uploads\/2024\/04\/sangre.png\" class=\"attachment-large size-large wp-image-158\" alt=\"\" \/>\t\t\t\t\t\t\t\t\t\t\t\t\t<\/div>\n\t\t\t\t<\/div>\n\t\t\t\t<div class=\"elementor-element elementor-element-b35687c elementor-widget elementor-widget-heading\" data-id=\"b35687c\" data-element_type=\"widget\" data-widget_type=\"heading.default\">\n\t\t\t\t<div class=\"elementor-widget-container\">\n\t\t\t<h5 class=\"elementor-heading-title elementor-size-default\">Condiciones de ayuno para ex\u00e1menes de sangre<\/h5>\t\t<\/div>\n\t\t\t\t<\/div>\n\t\t\t\t<div class=\"elementor-element elementor-element-34b07bd elementor-widget elementor-widget-premium-addon-modal-box\" data-id=\"34b07bd\" data-element_type=\"widget\" data-settings=\"{&quot;premium_modal_box_animation&quot;:&quot;fadeInDown&quot;}\" data-widget_type=\"premium-addon-modal-box.default\">\n\t\t\t\t<div class=\"elementor-widget-container\">\n\t\t\t\r\n\t\t<div class=\"premium-modal-box-container\" data-settings=\"{&quot;trigger&quot;:&quot;button&quot;}\">\r\n\t\t\t<div class=\"premium-modal-trigger-container\">\r\n\t\t\t\t\t\t\t\t\t<button data-toggle=\"premium-modal\" data-target=\"#premium-modal-34b07bd\" type=\"button\" class=\"premium-modal-trigger-btn premium-btn-lg premium-button-style2 premium-button-style2-shutouthor\" data-text=\"Leer m\u00e1s\">\r\n\r\n\t\t\t\t\t\t\r\n\t\t\t\t\t\t<div class=\"premium-button-text-icon-wrapper\">\r\n\t\t\t\t\t\t\t<span>Leer m\u00e1s<\/span>\r\n\t\t\t\t\t\t<\/div>\r\n\r\n\t\t\t\t\t\t\r\n\t\t\t\t\t\t\r\n\t\t\t\t\t\t\r\n\t\t\t\t\t<\/button>\r\n\t\t\t\t\t\t\t<\/div>\r\n\r\n\t\t\t<div id=\"premium-modal-34b07bd\" class=\"premium-modal-box-modal\" role=\"dialog\" style=\"display: none\">\r\n\t\t\t\t<div class=\"premium-modal-box-modal-dialog\" data-delay-animation=\"\" data-modal-animation=\"fadeInDown animated-fast\">\r\n\t\t\t\t\t\t\t\t\t\t\t<div class=\"premium-modal-box-modal-header\">\r\n\t\t\t\t\t\t\t\t\t\t\t\t\t\t\t<h3 class=\"premium-modal-box-modal-title\">\r\n\t\t\t\t\t\t\t\t\tCondiciones\t\t\t\t\t\t\t\t<\/h3>\r\n\t\t\t\t\t\t\t\t\t\t\t\t\t\t\t\t\t\t\t\t\t\t<div class=\"premium-modal-box-close-button-container\">\r\n\t\t\t\t\t\t\t\t\t<button type=\"button\" class=\"premium-modal-box-modal-close\" data-dismiss=\"premium-modal\">&times;<\/button>\r\n\t\t\t\t\t\t\t\t<\/div>\r\n\t\t\t\t\t\t\t\t\t\t\t\t\t<\/div>\r\n\t\t\t\t\t\t\t\t\t\t<div class=\"premium-modal-box-modal-body\">\r\n\t\t\t\t\t\t<h3>Las siguientes son algunas instrucciones generales que debe seguir para la realizaci\u00f3n de su examen.<\/h3><ul><li>Traer documento de identidad, orden m\u00e9dica, documentos de seguridad social, autorizaci\u00f3n, carn\u00e9 o copago.<\/li><li>Presentarse 15 minutos antes de la hora se\u00f1alada<\/li><\/ul><h3>Preparaci\u00f3n:<\/h3><ul><li>No todos los ex\u00e1menes de sangre requieren ayuno antes de la toma de muestra.<\/li><li>Los ex\u00e1menes m\u00e1s comunes que requieren ayuno son:<br \/><strong>\u2013 Glucosa en ayunas<\/strong>: requiere ayuno previo de 8 horas.<br \/><strong>\u2013 Perfil de l\u00edpidos<\/strong>\u00a0(incluye triglic\u00e9ridos, colesterol total y colesteroles \u00abbueno\u00bb y \u00abmalo\u00bb): se necesita en promedio\u00a0<strong>12 horas de ayuno<\/strong>.<\/li><li>El ayuno previo a un examen de sangre no debe exceder las 16 horas.<\/li><\/ul>\t\t\t\t\t<\/div>\r\n\t\t\t\t\t\t\t\t\t\t\t<div class=\"premium-modal-box-modal-footer\">\r\n\t\t\t\t\t\t\t<button type=\"button\" class=\"premium-modal-box-modal-lower-close\" data-dismiss=\"premium-modal\">\r\n\t\t\t\t\t\t\t\tClose\t\t\t\t\t\t\t<\/button>\r\n\t\t\t\t\t\t<\/div>\r\n\t\t\t\t\t\t\t\t\t<\/div>\r\n\t\t\t<\/div>\r\n\t\t<\/div>\r\n\r\n\t\t\t\t<\/div>\n\t\t\t\t<\/div>\n\t\t\t\t<\/div>\n\t\t<div class=\"elementor-element elementor-element-fec807e e-con-full e-flex wpr-particle-no wpr-jarallax-no wpr-parallax-no wpr-sticky-section-no e-con e-child\" data-id=\"fec807e\" data-element_type=\"container\" data-settings=\"{&quot;background_background&quot;:&quot;classic&quot;}\">\n\t\t\t\t<div class=\"elementor-element elementor-element-2ec1ed6 elementor-widget elementor-widget-image\" data-id=\"2ec1ed6\" data-element_type=\"widget\" data-widget_type=\"image.default\">\n\t\t\t\t<div class=\"elementor-widget-container\">\n\t\t\t\t\t\t\t\t\t\t\t\t\t<img decoding=\"async\" width=\"150\" height=\"150\" src=\"https:\/\/ipsvacunacionintegral.com\/wp-content\/uploads\/2024\/04\/orina.png\" class=\"attachment-large size-large wp-image-159\" alt=\"\" \/>\t\t\t\t\t\t\t\t\t\t\t\t\t<\/div>\n\t\t\t\t<\/div>\n\t\t\t\t<div class=\"elementor-element elementor-element-a93778f elementor-widget elementor-widget-heading\" data-id=\"a93778f\" data-element_type=\"widget\" data-widget_type=\"heading.default\">\n\t\t\t\t<div class=\"elementor-widget-container\">\n\t\t\t<h5 class=\"elementor-heading-title elementor-size-default\">Recolecci\u00f3n   de   muestras   de   orina normal<\/h5>\t\t<\/div>\n\t\t\t\t<\/div>\n\t\t\t\t<div class=\"elementor-element elementor-element-d3b2470 elementor-widget elementor-widget-premium-addon-modal-box\" data-id=\"d3b2470\" data-element_type=\"widget\" data-settings=\"{&quot;premium_modal_box_animation&quot;:&quot;fadeInDown&quot;}\" data-widget_type=\"premium-addon-modal-box.default\">\n\t\t\t\t<div class=\"elementor-widget-container\">\n\t\t\t\r\n\t\t<div class=\"premium-modal-box-container\" data-settings=\"{&quot;trigger&quot;:&quot;button&quot;}\">\r\n\t\t\t<div class=\"premium-modal-trigger-container\">\r\n\t\t\t\t\t\t\t\t\t<button data-toggle=\"premium-modal\" data-target=\"#premium-modal-d3b2470\" type=\"button\" class=\"premium-modal-trigger-btn premium-btn-lg premium-button-style2 premium-button-style2-shutouthor\" data-text=\"Leer m\u00e1s\">\r\n\r\n\t\t\t\t\t\t\r\n\t\t\t\t\t\t<div class=\"premium-button-text-icon-wrapper\">\r\n\t\t\t\t\t\t\t<span>Leer m\u00e1s<\/span>\r\n\t\t\t\t\t\t<\/div>\r\n\r\n\t\t\t\t\t\t\r\n\t\t\t\t\t\t\r\n\t\t\t\t\t\t\r\n\t\t\t\t\t<\/button>\r\n\t\t\t\t\t\t\t<\/div>\r\n\r\n\t\t\t<div id=\"premium-modal-d3b2470\" class=\"premium-modal-box-modal\" role=\"dialog\" style=\"display: none\">\r\n\t\t\t\t<div class=\"premium-modal-box-modal-dialog\" data-delay-animation=\"\" data-modal-animation=\"fadeInDown animated-fast\">\r\n\t\t\t\t\t\t\t\t\t\t\t<div class=\"premium-modal-box-modal-header\">\r\n\t\t\t\t\t\t\t\t\t\t\t\t\t\t\t<h3 class=\"premium-modal-box-modal-title\">\r\n\t\t\t\t\t\t\t\t\tCondiciones\t\t\t\t\t\t\t\t<\/h3>\r\n\t\t\t\t\t\t\t\t\t\t\t\t\t\t\t\t\t\t\t\t\t\t<div class=\"premium-modal-box-close-button-container\">\r\n\t\t\t\t\t\t\t\t\t<button type=\"button\" class=\"premium-modal-box-modal-close\" data-dismiss=\"premium-modal\">&times;<\/button>\r\n\t\t\t\t\t\t\t\t<\/div>\r\n\t\t\t\t\t\t\t\t\t\t\t\t\t<\/div>\r\n\t\t\t\t\t\t\t\t\t\t<div class=\"premium-modal-box-modal-body\">\r\n\t\t\t\t\t\t<h3>Las siguientes son algunas instrucciones generales que debe seguir para la realizaci\u00f3n de su examen.<\/h3><ul><li>Traer documento de identidad, orden m\u00e9dica, documentos de seguridad social, autorizaci\u00f3n, carn\u00e9 o copago.<\/li><li>Presentarse 15 minutos antes de la hora se\u00f1alada<\/li><\/ul><h3>Preparaci\u00f3n:<\/h3><ul><li>No tener relaciones sexuales el d\u00eda anterior.<\/li><li>Recolecte la primera orina de la ma\u00f1ana en el frasco suministrado por el laboratorio, previa limpieza de los genitales con abundante agua, eliminando en el inodoro la primera parte de la micci\u00f3n. En caso de no recoger la primera orina de la ma\u00f1ana, debe hacer retenci\u00f3n de orina, m\u00ednimo cuatro horas antes de recolectar la muestra.<\/li><li>Lleve la orina al laboratorio en un lapso de tiempo no mayor a 2 horas.<\/li><\/ul><h3>Para las mujeres:<\/h3><p>Tenga en cuenta que no debe tener la menstruaci\u00f3n el d\u00eda de la recolecci\u00f3n de la muestra. (Esperar m\u00ednimo 5 d\u00edas despu\u00e9s de finalizado el periodo para recogerla).<\/p>\t\t\t\t\t<\/div>\r\n\t\t\t\t\t\t\t\t\t\t\t<div class=\"premium-modal-box-modal-footer\">\r\n\t\t\t\t\t\t\t<button type=\"button\" class=\"premium-modal-box-modal-lower-close\" data-dismiss=\"premium-modal\">\r\n\t\t\t\t\t\t\t\tClose\t\t\t\t\t\t\t<\/button>\r\n\t\t\t\t\t\t<\/div>\r\n\t\t\t\t\t\t\t\t\t<\/div>\r\n\t\t\t<\/div>\r\n\t\t<\/div>\r\n\r\n\t\t\t\t<\/div>\n\t\t\t\t<\/div>\n\t\t\t\t<\/div>\n\t\t<div class=\"elementor-element elementor-element-cfbfb89 e-con-full e-flex wpr-particle-no wpr-jarallax-no wpr-parallax-no wpr-sticky-section-no e-con e-child\" data-id=\"cfbfb89\" data-element_type=\"container\" data-settings=\"{&quot;background_background&quot;:&quot;classic&quot;}\">\n\t\t\t\t<div class=\"elementor-element elementor-element-7ed8bca elementor-widget elementor-widget-image\" data-id=\"7ed8bca\" data-element_type=\"widget\" data-widget_type=\"image.default\">\n\t\t\t\t<div class=\"elementor-widget-container\">\n\t\t\t\t\t\t\t\t\t\t\t\t\t<img loading=\"lazy\" decoding=\"async\" width=\"150\" height=\"150\" src=\"https:\/\/ipsvacunacionintegral.com\/wp-content\/uploads\/2024\/04\/orina-24-horas.png\" class=\"attachment-large size-large wp-image-160\" alt=\"\" \/>\t\t\t\t\t\t\t\t\t\t\t\t\t<\/div>\n\t\t\t\t<\/div>\n\t\t\t\t<div class=\"elementor-element elementor-element-e2ef713 elementor-widget elementor-widget-heading\" data-id=\"e2ef713\" data-element_type=\"widget\" data-widget_type=\"heading.default\">\n\t\t\t\t<div class=\"elementor-widget-container\">\n\t\t\t<h5 class=\"elementor-heading-title elementor-size-default\">Recolecci\u00f3n de muestras de orina 24 horas<\/h5>\t\t<\/div>\n\t\t\t\t<\/div>\n\t\t\t\t<div class=\"elementor-element elementor-element-7f848a0 elementor-widget elementor-widget-premium-addon-modal-box\" data-id=\"7f848a0\" data-element_type=\"widget\" data-settings=\"{&quot;premium_modal_box_animation&quot;:&quot;fadeInDown&quot;}\" data-widget_type=\"premium-addon-modal-box.default\">\n\t\t\t\t<div class=\"elementor-widget-container\">\n\t\t\t\r\n\t\t<div class=\"premium-modal-box-container\" data-settings=\"{&quot;trigger&quot;:&quot;button&quot;}\">\r\n\t\t\t<div class=\"premium-modal-trigger-container\">\r\n\t\t\t\t\t\t\t\t\t<button data-toggle=\"premium-modal\" data-target=\"#premium-modal-7f848a0\" type=\"button\" class=\"premium-modal-trigger-btn premium-btn-lg premium-button-style2 premium-button-style2-shutouthor\" data-text=\"Leer m\u00e1s\">\r\n\r\n\t\t\t\t\t\t\r\n\t\t\t\t\t\t<div class=\"premium-button-text-icon-wrapper\">\r\n\t\t\t\t\t\t\t<span>Leer m\u00e1s<\/span>\r\n\t\t\t\t\t\t<\/div>\r\n\r\n\t\t\t\t\t\t\r\n\t\t\t\t\t\t\r\n\t\t\t\t\t\t\r\n\t\t\t\t\t<\/button>\r\n\t\t\t\t\t\t\t<\/div>\r\n\r\n\t\t\t<div id=\"premium-modal-7f848a0\" class=\"premium-modal-box-modal\" role=\"dialog\" style=\"display: none\">\r\n\t\t\t\t<div class=\"premium-modal-box-modal-dialog\" data-delay-animation=\"\" data-modal-animation=\"fadeInDown animated-fast\">\r\n\t\t\t\t\t\t\t\t\t\t\t<div class=\"premium-modal-box-modal-header\">\r\n\t\t\t\t\t\t\t\t\t\t\t\t\t\t\t<h3 class=\"premium-modal-box-modal-title\">\r\n\t\t\t\t\t\t\t\t\tPreparaci\u00f3n\t\t\t\t\t\t\t\t<\/h3>\r\n\t\t\t\t\t\t\t\t\t\t\t\t\t\t\t\t\t\t\t\t\t\t<div class=\"premium-modal-box-close-button-container\">\r\n\t\t\t\t\t\t\t\t\t<button type=\"button\" class=\"premium-modal-box-modal-close\" data-dismiss=\"premium-modal\">&times;<\/button>\r\n\t\t\t\t\t\t\t\t<\/div>\r\n\t\t\t\t\t\t\t\t\t\t\t\t\t<\/div>\r\n\t\t\t\t\t\t\t\t\t\t<div class=\"premium-modal-box-modal-body\">\r\n\t\t\t\t\t\t<p><strong><span style=\"color: #000000;\">Instructivo de preparaci\u00f3n para el paciente para recolecci\u00f3n de orina de 24 horas<\/span><\/strong><br \/><strong><span style=\"color: #000000;\">Las siguientes son algunas instrucciones generales que debe seguir para la recolecci\u00f3n de la orina de 24 horas:<\/span><\/strong><\/p><p><span style=\"color: #000000;\">Preparaci\u00f3n:<\/span><\/p><ul><li><span style=\"color: #000000;\">Pida al personal del laboratorio las indicaciones acerca del recipiente a utilizar para esta recolecci\u00f3n. Si observa un l\u00edquido en el interior del recipiente, no lo elimine ya que \u00e9sta es una sustancia que se encargar\u00e1 de preservar la orina almacenada en el envase.<\/span><\/li><li><span style=\"color: #000000;\">La ma\u00f1ana en la que va a comenzar a recolectar la orina, orine y descarte la muestra (vac\u00ede su vejiga completamente en el ba\u00f1o). Escriba la hora y fecha en que hizo lo anterior. Esta ser\u00e1 la HORA DE INICIO de la recolecci\u00f3n de su orina de 24 horas.<\/span><\/li><li><span style=\"color: #000000;\">Recoja de ahora en adelante toda la orina que elimine, tanto de d\u00eda como de noche. Incluya en el envase la orina que elimine al d\u00eda siguiente a la misma hora en que empez\u00f3 la recolecci\u00f3n. Por ejemplo: Si usted vaci\u00f3 su vejiga a las 7:00 am (botando la orina al ba\u00f1o), debe orinar nuevamente a las 7:00 am del d\u00eda siguiente, incorporando \u00e9sta al envase.<\/span><\/li><li><span style=\"color: #000000;\">Evite el contacto de la orina con materia fecal o papel higi\u00e9nico. Si al momento de solicitarse la recolecci\u00f3n de la muestra, existe flujo menstrual, espere m\u00ednimo 5 d\u00edas despu\u00e9s de finalizado \u00e9ste; para realizar la recolecci\u00f3n.<\/span><\/li><li><span style=\"color: #000000;\">Conserve la orina refrigerada durante las 24 horas (puede ser almacenado en la puerta de la nevera) y ll\u00e9velo al laboratorio antes de 2 horas despu\u00e9s de haber terminado la recolecci\u00f3n.<\/span><\/li><\/ul>\t\t\t\t\t<\/div>\r\n\t\t\t\t\t\t\t\t\t\t\t<div class=\"premium-modal-box-modal-footer\">\r\n\t\t\t\t\t\t\t<button type=\"button\" class=\"premium-modal-box-modal-lower-close\" data-dismiss=\"premium-modal\">\r\n\t\t\t\t\t\t\t\tClose\t\t\t\t\t\t\t<\/button>\r\n\t\t\t\t\t\t<\/div>\r\n\t\t\t\t\t\t\t\t\t<\/div>\r\n\t\t\t<\/div>\r\n\t\t<\/div>\r\n\r\n\t\t\t\t<\/div>\n\t\t\t\t<\/div>\n\t\t\t\t<\/div>\n\t\t\t\t\t<\/div>\n\t\t\t\t<\/div>\n\t\t<div class=\"elementor-element elementor-element-4df502d e-flex e-con-boxed wpr-particle-no wpr-jarallax-no wpr-parallax-no wpr-sticky-section-no e-con e-parent\" data-id=\"4df502d\" data-element_type=\"container\" data-core-v316-plus=\"true\">\n\t\t\t\t\t<div class=\"e-con-inner\">\n\t\t\t\t<div class=\"elementor-element elementor-element-a4d5511 elementor-widget elementor-widget-heading\" data-id=\"a4d5511\" data-element_type=\"widget\" data-widget_type=\"heading.default\">\n\t\t\t\t<div class=\"elementor-widget-container\">\n\t\t\t<h3 class=\"elementor-heading-title elementor-size-default\">Resultados<\/h3>\t\t<\/div>\n\t\t\t\t<\/div>\n\t\t\t\t\t<\/div>\n\t\t\t\t<\/div>\n\t\t<div class=\"elementor-element elementor-element-0639405 e-flex e-con-boxed wpr-particle-no wpr-jarallax-no wpr-parallax-no wpr-sticky-section-no e-con e-parent\" data-id=\"0639405\" data-element_type=\"container\" data-core-v316-plus=\"true\">\n\t\t\t\t\t<div class=\"e-con-inner\">\n\t\t\t\t<div class=\"elementor-element elementor-element-c24f908 elementor-widget elementor-widget-heading\" data-id=\"c24f908\" data-element_type=\"widget\" data-widget_type=\"heading.default\">\n\t\t\t\t<div class=\"elementor-widget-container\">\n\t\t\t<h3 class=\"elementor-heading-title elementor-size-default\">Descargue resultados de manera f\u00e1cil y r\u00e1pida, a trav\u00e9s de nuestro portal dando clic al siguiente bot\u00f3n\n\n<\/h3>\t\t<\/div>\n\t\t\t\t<\/div>\n\t\t\t\t\t<\/div>\n\t\t\t\t<\/div>\n\t\t<div class=\"elementor-element elementor-element-fcf7e74 e-flex e-con-boxed wpr-particle-no wpr-jarallax-no wpr-parallax-no wpr-sticky-section-no e-con e-parent\" data-id=\"fcf7e74\" data-element_type=\"container\" data-core-v316-plus=\"true\">\n\t\t\t\t\t<div class=\"e-con-inner\">\n\t\t<div class=\"elementor-element elementor-element-c01c572 e-con-full e-flex wpr-particle-no wpr-jarallax-no wpr-parallax-no wpr-sticky-section-no e-con e-child\" data-id=\"c01c572\" data-element_type=\"container\">\n\t\t\t\t<div class=\"elementor-element elementor-element-aff4e6f elementor-widget elementor-widget-image\" data-id=\"aff4e6f\" data-element_type=\"widget\" data-widget_type=\"image.default\">\n\t\t\t\t<div class=\"elementor-widget-container\">\n\t\t\t\t\t\t\t\t\t\t\t\t\t<img loading=\"lazy\" decoding=\"async\" width=\"283\" height=\"109\" src=\"https:\/\/ipsvacunacionintegral.com\/wp-content\/uploads\/2025\/06\/homelab.jpg\" class=\"attachment-large size-large wp-image-776\" alt=\"\" \/>\t\t\t\t\t\t\t\t\t\t\t\t\t<\/div>\n\t\t\t\t<\/div>\n\t\t\t\t<div class=\"elementor-element elementor-element-ecd4750 elementor-align-center elementor-widget elementor-widget-button\" data-id=\"ecd4750\" data-element_type=\"widget\" data-widget_type=\"button.default\">\n\t\t\t\t<div class=\"elementor-widget-container\">\n\t\t\t\t\t<div class=\"elementor-button-wrapper\">\n\t\t\t<a class=\"elementor-button elementor-button-link elementor-size-sm\" href=\"http:\/\/179.32.21.141:10005\">\n\t\t\t\t\t\t<span class=\"elementor-button-content-wrapper\">\n\t\t\t\t\t\t<span class=\"elementor-button-text\">Ver resultados<\/span>\n\t\t<\/span>\n\t\t\t\t\t<\/a>\n\t\t<\/div>\n\t\t\t\t<\/div>\n\t\t\t\t<\/div>\n\t\t\t\t<\/div>\n\t\t<div class=\"elementor-element elementor-element-842360d e-con-full e-flex wpr-particle-no wpr-jarallax-no wpr-parallax-no wpr-sticky-section-no e-con e-child\" data-id=\"842360d\" data-element_type=\"container\">\n\t\t\t\t<div class=\"elementor-element elementor-element-0722fad elementor-widget elementor-widget-image\" data-id=\"0722fad\" data-element_type=\"widget\" data-widget_type=\"image.default\">\n\t\t\t\t<div class=\"elementor-widget-container\">\n\t\t\t\t\t\t\t\t\t\t\t\t\t<img loading=\"lazy\" decoding=\"async\" width=\"302\" height=\"118\" src=\"https:\/\/ipsvacunacionintegral.com\/wp-content\/uploads\/2025\/06\/unilab.jpg\" class=\"attachment-large size-large wp-image-775\" alt=\"\" srcset=\"https:\/\/ipsvacunacionintegral.com\/wp-content\/uploads\/2025\/06\/unilab.jpg 302w, https:\/\/ipsvacunacionintegral.com\/wp-content\/uploads\/2025\/06\/unilab-300x117.jpg 300w\" sizes=\"(max-width: 302px) 100vw, 302px\" \/>\t\t\t\t\t\t\t\t\t\t\t\t\t<\/div>\n\t\t\t\t<\/div>\n\t\t\t\t<div class=\"elementor-element elementor-element-9e31afc elementor-align-center elementor-widget elementor-widget-button\" data-id=\"9e31afc\" data-element_type=\"widget\" data-widget_type=\"button.default\">\n\t\t\t\t<div class=\"elementor-widget-container\">\n\t\t\t\t\t<div class=\"elementor-button-wrapper\">\n\t\t\t<a class=\"elementor-button elementor-button-link elementor-size-sm\" href=\"http:\/\/181.143.89.108\">\n\t\t\t\t\t\t<span class=\"elementor-button-content-wrapper\">\n\t\t\t\t\t\t<span class=\"elementor-button-text\">Ver resultados<\/span>\n\t\t<\/span>\n\t\t\t\t\t<\/a>\n\t\t<\/div>\n\t\t\t\t<\/div>\n\t\t\t\t<\/div>\n\t\t\t\t<\/div>\n\t\t\t\t\t<\/div>\n\t\t\t\t<\/div>\n\t\t\t\t<\/div>\n\t\t","protected":false},"excerpt":{"rendered":"<p>Laboratorio cl\u00ednico Servicio de laboratorio Contamos con un servicio de toma de muestras de laboratorio y aliados que nos permiten prestar un servicio con calidad y oportunidad en la entrega de resultados Conozca aqu\u00ed las preparaciones para sus ex\u00e1menes Condiciones de ayuno para ex\u00e1menes de sangre Leer m\u00e1s Condiciones &times; Las siguientes son algunas instrucciones [&hellip;]<\/p>\n","protected":false},"author":1,"featured_media":0,"parent":0,"menu_order":0,"comment_status":"closed","ping_status":"closed","template":"elementor_header_footer","meta":{"footnotes":""},"_links":{"self":[{"href":"https:\/\/ipsvacunacionintegral.com\/index.php?rest_route=\/wp\/v2\/pages\/713"}],"collection":[{"href":"https:\/\/ipsvacunacionintegral.com\/index.php?rest_route=\/wp\/v2\/pages"}],"about":[{"href":"https:\/\/ipsvacunacionintegral.com\/index.php?rest_route=\/wp\/v2\/types\/page"}],"author":[{"embeddable":true,"href":"https:\/\/ipsvacunacionintegral.com\/index.php?rest_route=\/wp\/v2\/users\/1"}],"replies":[{"embeddable":true,"href":"https:\/\/ipsvacunacionintegral.com\/index.php?rest_route=%2Fwp%2Fv2%2Fcomments&post=713"}],"version-history":[{"count":21,"href":"https:\/\/ipsvacunacionintegral.com\/index.php?rest_route=\/wp\/v2\/pages\/713\/revisions"}],"predecessor-version":[{"id":789,"href":"https:\/\/ipsvacunacionintegral.com\/index.php?rest_route=\/wp\/v2\/pages\/713\/revisions\/789"}],"wp:attachment":[{"href":"https:\/\/ipsvacunacionintegral.com\/index.php?rest_route=%2Fwp%2Fv2%2Fmedia&parent=713"}],"curies":[{"name":"wp","href":"https:\/\/api.w.org\/{rel}","templated":true}]}}